{"id":421,"date":"2021-06-09T12:05:50","date_gmt":"2021-06-09T12:05:50","guid":{"rendered":"https:\/\/www.turmeon.com\/?post_type=product&#038;p=421"},"modified":"2021-09-20T20:12:25","modified_gmt":"2021-09-20T20:12:25","slug":"soporte-de-madera-turmeon-grifo","status":"publish","type":"product","link":"https:\/\/turmeon.com\/vermutea\/?product=soporte-de-madera-turmeon-grifo","title":{"rendered":"Soporte de Madera Turmeon Grifo"},"content":{"rendered":"<p><strong>Disfruta del aut\u00e9ntico vermut de grifo en casa con un espectacular soporte de madera tallada.<\/strong><\/p>\n<p>Convierte tu casa en un bar con el soporte Turmeon.  D\u00e9jalo en la cocina, la terraza o el sal\u00f3n y solo tendr\u00e1s que preocuparte de recargarlo con Turmeon grifo  cuando este se haya agotado (te garantizamos que ser\u00e1 muuuuy pronto).<\/p>\n","protected":false},"excerpt":{"rendered":"<p>Disfruta del aut\u00e9ntico vermut de grifo en casa con un espectacular soporte de madera tallada. Convierte tu casa en un bar con el soporte Turmeon. D\u00e9jalo en la cocina, la terraza o el sal\u00f3n y solo tendr\u00e1s que preocuparte de recargarlo con Turmeon grifo cuando este se haya agotado (te garantizamos que ser\u00e1 muuuuy pronto).<\/p>\n","protected":false},"featured_media":423,"template":"","meta":[],"product_brand":[],"product_cat":[76],"product_tag":[],"class_list":{"0":"post-421","1":"product","2":"type-product","3":"status-publish","4":"has-post-thumbnail","6":"product_cat-accesorios","8":"first","9":"instock","10":"shipping-taxable","11":"purchasable","12":"product-type-simple"},"acf":[],"jetpack_sharing_enabled":true,"_links":{"self":[{"href":"https:\/\/turmeon.com\/vermutea\/index.php?rest_route=\/wp\/v2\/product\/421","targetHints":{"allow":["GET"]}}],"collection":[{"href":"https:\/\/turmeon.com\/vermutea\/index.php?rest_route=\/wp\/v2\/product"}],"about":[{"href":"https:\/\/turmeon.com\/vermutea\/index.php?rest_route=\/wp\/v2\/types\/product"}],"version-history":[{"count":0,"href":"https:\/\/turmeon.com\/vermutea\/index.php?rest_route=\/wp\/v2\/product\/421\/revisions"}],"wp:featuredmedia":[{"embeddable":true,"href":"https:\/\/turmeon.com\/vermutea\/index.php?rest_route=\/wp\/v2\/media\/423"}],"wp:attachment":[{"href":"https:\/\/turmeon.com\/vermutea\/index.php?rest_route=%2Fwp%2Fv2%2Fmedia&parent=421"}],"wp:term":[{"taxonomy":"product_brand","embeddable":true,"href":"https:\/\/turmeon.com\/vermutea\/index.php?rest_route=%2Fwp%2Fv2%2Fproduct_brand&post=421"},{"taxonomy":"product_cat","embeddable":true,"href":"https:\/\/turmeon.com\/vermutea\/index.php?rest_route=%2Fwp%2Fv2%2Fproduct_cat&post=421"},{"taxonomy":"product_tag","embeddable":true,"href":"https:\/\/turmeon.com\/vermutea\/index.php?rest_route=%2Fwp%2Fv2%2Fproduct_tag&post=421"}],"curies":[{"name":"wp","href":"https:\/\/api.w.org\/{rel}","templated":true}]}}