{"id":38,"date":"2021-06-11T16:00:48","date_gmt":"2021-06-11T16:00:48","guid":{"rendered":"http:\/\/localhost:8888\/?post_type=product&#038;p=38"},"modified":"2025-03-28T18:16:24","modified_gmt":"2025-03-28T18:16:24","slug":"turmeon-rose","status":"publish","type":"product","link":"https:\/\/turmeon.com\/vermutea\/?product=turmeon-rose","title":{"rendered":"Turmeon Ros\u00e9"},"content":{"rendered":"<p><strong>Turmeon Ros\u00e9<\/strong> es el vermut que conquista a primera vista. Color rosa brillante, con reflejos casi dorados y una frescura que ya se intuye. En nariz despliega notas de frutos rojos, p\u00e9talos de rosa, manzana verde y un puntito c\u00edtrico juguet\u00f3n. En boca es goloso pero ligero, con un equilibrio perfecto entre dulzor y acidez. Refrescante, delicado y descaradamente seductor. Ideal para tardes al sol, fiestas que empiezan sin plan o brindar porque s\u00ed. No subestimes su color.<\/p>\n","protected":false},"excerpt":{"rendered":"<p>Bonito por fuera, travieso por dentro. Floral, afrutado y con un punto \u00e1cido que te deja con ganas de m\u00e1s.<\/p>\n","protected":false},"featured_media":32,"template":"","meta":[],"product_brand":[],"product_cat":[34],"product_tag":[],"class_list":{"0":"post-38","1":"product","2":"type-product","3":"status-publish","4":"has-post-thumbnail","6":"product_cat-tienda","8":"first","9":"instock","10":"shipping-taxable","11":"purchasable","12":"product-type-simple"},"acf":[],"jetpack_sharing_enabled":true,"_links":{"self":[{"href":"https:\/\/turmeon.com\/vermutea\/index.php?rest_route=\/wp\/v2\/product\/38","targetHints":{"allow":["GET"]}}],"collection":[{"href":"https:\/\/turmeon.com\/vermutea\/index.php?rest_route=\/wp\/v2\/product"}],"about":[{"href":"https:\/\/turmeon.com\/vermutea\/index.php?rest_route=\/wp\/v2\/types\/product"}],"version-history":[{"count":0,"href":"https:\/\/turmeon.com\/vermutea\/index.php?rest_route=\/wp\/v2\/product\/38\/revisions"}],"wp:featuredmedia":[{"embeddable":true,"href":"https:\/\/turmeon.com\/vermutea\/index.php?rest_route=\/wp\/v2\/media\/32"}],"wp:attachment":[{"href":"https:\/\/turmeon.com\/vermutea\/index.php?rest_route=%2Fwp%2Fv2%2Fmedia&parent=38"}],"wp:term":[{"taxonomy":"product_brand","embeddable":true,"href":"https:\/\/turmeon.com\/vermutea\/index.php?rest_route=%2Fwp%2Fv2%2Fproduct_brand&post=38"},{"taxonomy":"product_cat","embeddable":true,"href":"https:\/\/turmeon.com\/vermutea\/index.php?rest_route=%2Fwp%2Fv2%2Fproduct_cat&post=38"},{"taxonomy":"product_tag","embeddable":true,"href":"https:\/\/turmeon.com\/vermutea\/index.php?rest_route=%2Fwp%2Fv2%2Fproduct_tag&post=38"}],"curies":[{"name":"wp","href":"https:\/\/api.w.org\/{rel}","templated":true}]}}