{"id":244,"date":"2021-07-14T13:21:23","date_gmt":"2021-07-14T13:21:23","guid":{"rendered":"https:\/\/www.turmeon.com\/?post_type=product&#038;p=244"},"modified":"2025-04-04T21:54:30","modified_gmt":"2025-04-04T21:54:30","slug":"turmeon-original","status":"publish","type":"product","link":"https:\/\/turmeon.com\/vermutea\/?product=turmeon-original","title":{"rendered":"Turmeon Original"},"content":{"rendered":"<p><strong>Turmeon Original<\/strong> es el vermut con el que empez\u00f3 todo. Oscuro, brillante, con reflejos rojizos y una densidad que te seduce solo con mirarlo. Al acercarlo, llegan notas intensas de canela, vainilla, clavo, piel de naranja y vino dulce. En boca, es untuoso, redondo, descaradamente goloso, pero elegante. Un caramelo l\u00edquido con car\u00e1cter, perfecto para sobremesas largas o noches que se tuercen en buena direcci\u00f3n. Sabe a vermut de verdad, de los de antes, pero con una vuelta sexy.<\/p>\n","protected":false},"excerpt":{"rendered":"<p>El vermut con el que empez\u00f3 todo. Dulce, intenso y adictivamente especiado. Una bomba de placer embotellada.<\/p>\n","protected":false},"featured_media":31,"template":"","meta":[],"product_brand":[],"product_cat":[34],"product_tag":[],"class_list":{"0":"post-244","1":"product","2":"type-product","3":"status-publish","4":"has-post-thumbnail","6":"product_cat-tienda","8":"first","9":"instock","10":"shipping-taxable","11":"purchasable","12":"product-type-simple"},"acf":[],"jetpack_sharing_enabled":true,"_links":{"self":[{"href":"https:\/\/turmeon.com\/vermutea\/index.php?rest_route=\/wp\/v2\/product\/244","targetHints":{"allow":["GET"]}}],"collection":[{"href":"https:\/\/turmeon.com\/vermutea\/index.php?rest_route=\/wp\/v2\/product"}],"about":[{"href":"https:\/\/turmeon.com\/vermutea\/index.php?rest_route=\/wp\/v2\/types\/product"}],"version-history":[{"count":3,"href":"https:\/\/turmeon.com\/vermutea\/index.php?rest_route=\/wp\/v2\/product\/244\/revisions"}],"predecessor-version":[{"id":2702,"href":"https:\/\/turmeon.com\/vermutea\/index.php?rest_route=\/wp\/v2\/product\/244\/revisions\/2702"}],"wp:featuredmedia":[{"embeddable":true,"href":"https:\/\/turmeon.com\/vermutea\/index.php?rest_route=\/wp\/v2\/media\/31"}],"wp:attachment":[{"href":"https:\/\/turmeon.com\/vermutea\/index.php?rest_route=%2Fwp%2Fv2%2Fmedia&parent=244"}],"wp:term":[{"taxonomy":"product_brand","embeddable":true,"href":"https:\/\/turmeon.com\/vermutea\/index.php?rest_route=%2Fwp%2Fv2%2Fproduct_brand&post=244"},{"taxonomy":"product_cat","embeddable":true,"href":"https:\/\/turmeon.com\/vermutea\/index.php?rest_route=%2Fwp%2Fv2%2Fproduct_cat&post=244"},{"taxonomy":"product_tag","embeddable":true,"href":"https:\/\/turmeon.com\/vermutea\/index.php?rest_route=%2Fwp%2Fv2%2Fproduct_tag&post=244"}],"curies":[{"name":"wp","href":"https:\/\/api.w.org\/{rel}","templated":true}]}}